{"id":4286,"date":"2017-10-09T13:13:37","date_gmt":"2017-10-09T10:13:37","guid":{"rendered":"https:\/\/test.lionsulphur.com\/hakkimizda\/"},"modified":"2023-02-11T18:08:03","modified_gmt":"2023-02-11T15:08:03","slug":"hakkimizda","status":"publish","type":"page","link":"https:\/\/lionsulphur.com\/de\/hakkimizda\/","title":{"rendered":"\u00dcber Uns"},"content":{"rendered":"<section class=\"wpb-content-wrapper\"><p>[vc_row][vc_column offset=&#8220;vc_col-lg-8 vc_col-md-8&#8243;]<div class=\"section-title-wrapper shortcode-rand-1 induzy-inline-css\" data-css=\"&quot;.shortcode-rand-1 .title-separator.separator-border { background-color: ; }.shortcode-rand-1 .section-title { text-transform: none; }&quot;\"><div class=\"title-wrap\"><h2 class=\"section-title\">Lion Global Schwefel<\/h2><span class=\"title-separator separator-border theme-color-bg\"><\/span><\/div><!-- .title-wrap --><div class=\"section-description\"><span class=\"HwtZe\" lang=\"tr\"><span class=\"jCAhz ChMk0b\"><span class=\"ryNqvb\">Wir sind ein vertrauensorientiertes Unternehmen, das sich mit der Verarbeitung von raffiniertem (k\u00f6rnigem) Schwefel (Partikelzerkleinerung &#8211; Mikronisierung) und Raffinationschemikalien besch\u00e4ftigt.<\/span><\/span> <span class=\"jCAhz ChMk0b\"><span class=\"ryNqvb\">Mit unserem Maschinenpark, der in der Lage ist, in der gesamten Schwefelverarbeitung auf Weltniveau zu produzieren und zu verpacken, mit unserer Produktqualit\u00e4t und dem Prinzip der p\u00fcnktlichen Lieferung richten wir unsere Aktivit\u00e4ten auf den nationalen und internationalen M\u00e4rkten aus.<\/span><\/span> <span class=\"jCAhz ChMk0b\"><span class=\"ryNqvb\">Unsere international akkreditierten Laboranalysen mit unseren K\u00e4ufern auf unserer Website und mit unseren Produkten zu teilen und unsere Produktqualit\u00e4t in keiner Weise zu beeintr\u00e4chtigen, ist der gr\u00f6\u00dfte Indikator f\u00fcr unsere Zuverl\u00e4ssigkeit unter Marktbedingungen.<\/span><\/span><\/span><br \/>\n<span class=\"color18\">Abh\u00e4ngig von den getroffenen Vereinbarungen; Wir sind in der Lage, unsere Kunden mit allen Versand- und Liefermethoden zu bedienen.<\/span><br \/>\n<span class=\"color18\">Verpackungsformen je nach Kundenwunsch; Standardisiert als 10 \u2013 25 \u2013 50 \u2013 500 \u2013 1000 kg Pakete.<\/span><br \/>\n<span class=\"color18\"> Die \u00dcberwachung des gesamten weltweiten Schwefelmarktes und der Versandbedingungen sowie unsere vergleichenden globalen Tracking-Systeme wie ARGUS sind unsere wichtigsten Instrumente zur Optimierung unserer Preise.<\/span> <span style=\"color: #ffffff;\">Elementarer mikronisierter Schwefel in Pulverform<\/span><br \/>\n<span class=\"color18\"> Ich hoffe, Sie kennenzulernen und neue Gesch\u00e4ftskontakte zu kn\u00fcpfen.<\/span><\/p>\n<p>&nbsp;<\/div><!-- .section-description --><\/div><!-- .section-title-wrapper --><div class=\"feature-box-wrapper feature-box-style-1 vc_custom_1676128077851 shortcode-rand-2 induzy-inline-css\" data-css=\"&quot;.shortcode-rand-2.feature-box-wrapper {background: -moz-linear-gradient(141deg,  0%,  51%,  75%);\\r\\n\\t\\t\\t\\tbackground: -webkit-linear-gradient(141deg,  0%,  51%,  75%);\\r\\n\\t\\t\\t\\tbackground: linear-gradient(141deg,  0%,  51%,  75%);}.shortcode-rand-2 .feature-box-icon { font-size: 24px; }.shortcode-rand-2 .feature-box-icon { height: 48px; width: 48px; }.shortcode-rand-2 .feature-box-icon &gt; span { line-height: 2; }.shortcode-rand-2:hover .feature-box-icon { background: none; }&quot;\" ><div class=\"feature-box-btn\"><a class=\"btn default\" href=\"https:\/\/lionsulphur.com\/de\/iletisim\/\" title=\"Kommunikation\">Kommunikation<\/a><\/div><!-- .feature-box-btn --><\/div><!-- .feature-box-wrapper -->[\/vc_column][vc_column offset=&#8220;vc_col-lg-4 vc_col-md-4&#8243;][vc_single_image image=&#8220;4137&#8243; img_size=&#8220;full&#8220;][\/vc_column][\/vc_row][vc_row][vc_column][\/vc_column][\/vc_row]<\/p>\n<\/section>","protected":false},"excerpt":{"rendered":"<p>[vc_row][vc_column offset=&#8220;vc_col-lg-8 vc_col-md-8&#8243;][\/vc_column][vc_column offset=&#8220;vc_col-lg-4 vc_col-md-4&#8243;][vc_single_image image=&#8220;4137&#8243; img_size=&#8220;full&#8220;][\/vc_column][\/vc_row][vc_row][vc_column][\/vc_column][\/vc_row]<\/p>\n","protected":false},"author":1,"featured_media":0,"parent":0,"menu_order":0,"comment_status":"closed","ping_status":"closed","template":"","meta":[],"yoast_head":"<!-- This site is optimized with the Yoast SEO plugin v20.1 - https:\/\/yoast.com\/wordpress\/plugins\/seo\/ -->\n<title>\u00dcber Uns - Lion Global Sulphur<\/title>\n<meta name=\"robots\" content=\"index, follow, max-snippet:-1, max-image-preview:large, max-video-preview:-1\" \/>\n<link rel=\"canonical\" href=\"https:\/\/lionsulphur.com\/de\/hakkimizda\/\" \/>\n<meta property=\"og:locale\" content=\"de_DE\" \/>\n<meta property=\"og:type\" content=\"article\" \/>\n<meta property=\"og:title\" content=\"\u00dcber Uns - Lion Global Sulphur\" \/>\n<meta property=\"og:description\" content=\"[vc_row][vc_column offset=&#8220;vc_col-lg-8 vc_col-md-8&#8243;][\/vc_column][vc_column offset=&#8220;vc_col-lg-4 vc_col-md-4&#8243;][vc_single_image image=&#8220;4137&#8243; img_size=&#8220;full&#8220;][\/vc_column][\/vc_row][vc_row][vc_column][\/vc_column][\/vc_row]\" \/>\n<meta property=\"og:url\" content=\"https:\/\/lionsulphur.com\/de\/hakkimizda\/\" \/>\n<meta property=\"og:site_name\" content=\"Lion Global Sulphur\" \/>\n<meta property=\"article:modified_time\" content=\"2023-02-11T15:08:03+00:00\" \/>\n<meta name=\"twitter:card\" content=\"summary_large_image\" \/>\n<meta name=\"twitter:label1\" content=\"Gesch\u00e4tzte Lesezeit\" \/>\n\t<meta name=\"twitter:data1\" content=\"1\u00a0Minute\" \/>\n<script type=\"application\/ld+json\" class=\"yoast-schema-graph\">{\"@context\":\"https:\/\/schema.org\",\"@graph\":[{\"@type\":\"WebPage\",\"@id\":\"https:\/\/lionsulphur.com\/de\/hakkimizda\/\",\"url\":\"https:\/\/lionsulphur.com\/de\/hakkimizda\/\",\"name\":\"\u00dcber Uns - Lion Global Sulphur\",\"isPartOf\":{\"@id\":\"https:\/\/lionsulphur.com\/#website\"},\"datePublished\":\"2017-10-09T10:13:37+00:00\",\"dateModified\":\"2023-02-11T15:08:03+00:00\",\"breadcrumb\":{\"@id\":\"https:\/\/lionsulphur.com\/de\/hakkimizda\/#breadcrumb\"},\"inLanguage\":\"de\",\"potentialAction\":[{\"@type\":\"ReadAction\",\"target\":[\"https:\/\/lionsulphur.com\/de\/hakkimizda\/\"]}]},{\"@type\":\"BreadcrumbList\",\"@id\":\"https:\/\/lionsulphur.com\/de\/hakkimizda\/#breadcrumb\",\"itemListElement\":[{\"@type\":\"ListItem\",\"position\":1,\"name\":\"Anasayfa\",\"item\":\"https:\/\/lionsulphur.com\/de\/\"},{\"@type\":\"ListItem\",\"position\":2,\"name\":\"\u00dcber Uns\"}]},{\"@type\":\"WebSite\",\"@id\":\"https:\/\/lionsulphur.com\/#website\",\"url\":\"https:\/\/lionsulphur.com\/\",\"name\":\"Lion Global Sulphur\",\"description\":\"Lion Sulphur\",\"publisher\":{\"@id\":\"https:\/\/lionsulphur.com\/#organization\"},\"potentialAction\":[{\"@type\":\"SearchAction\",\"target\":{\"@type\":\"EntryPoint\",\"urlTemplate\":\"https:\/\/lionsulphur.com\/?s={search_term_string}\"},\"query-input\":\"required name=search_term_string\"}],\"inLanguage\":\"de\"},{\"@type\":\"Organization\",\"@id\":\"https:\/\/lionsulphur.com\/#organization\",\"name\":\"Lion Global Sulphur\",\"url\":\"https:\/\/lionsulphur.com\/\",\"logo\":{\"@type\":\"ImageObject\",\"inLanguage\":\"de\",\"@id\":\"https:\/\/lionsulphur.com\/#\/schema\/logo\/image\/\",\"url\":\"https:\/\/lionsulphur.com\/wp-content\/uploads\/2023\/02\/lio_sul.png\",\"contentUrl\":\"https:\/\/lionsulphur.com\/wp-content\/uploads\/2023\/02\/lio_sul.png\",\"width\":731,\"height\":320,\"caption\":\"Lion Global Sulphur\"},\"image\":{\"@id\":\"https:\/\/lionsulphur.com\/#\/schema\/logo\/image\/\"},\"sameAs\":[\"https:\/\/www.instagram.com\/lionkukurt\/\"]}]}<\/script>\n<!-- \/ Yoast SEO plugin. -->","yoast_head_json":{"title":"\u00dcber Uns - Lion Global Sulphur","robots":{"index":"index","follow":"follow","max-snippet":"max-snippet:-1","max-image-preview":"max-image-preview:large","max-video-preview":"max-video-preview:-1"},"canonical":"https:\/\/lionsulphur.com\/de\/hakkimizda\/","og_locale":"de_DE","og_type":"article","og_title":"\u00dcber Uns - Lion Global Sulphur","og_description":"[vc_row][vc_column offset=&#8220;vc_col-lg-8 vc_col-md-8&#8243;][\/vc_column][vc_column offset=&#8220;vc_col-lg-4 vc_col-md-4&#8243;][vc_single_image image=&#8220;4137&#8243; img_size=&#8220;full&#8220;][\/vc_column][\/vc_row][vc_row][vc_column][\/vc_column][\/vc_row]","og_url":"https:\/\/lionsulphur.com\/de\/hakkimizda\/","og_site_name":"Lion Global Sulphur","article_modified_time":"2023-02-11T15:08:03+00:00","twitter_card":"summary_large_image","twitter_misc":{"Gesch\u00e4tzte Lesezeit":"1\u00a0Minute"},"schema":{"@context":"https:\/\/schema.org","@graph":[{"@type":"WebPage","@id":"https:\/\/lionsulphur.com\/de\/hakkimizda\/","url":"https:\/\/lionsulphur.com\/de\/hakkimizda\/","name":"\u00dcber Uns - Lion Global Sulphur","isPartOf":{"@id":"https:\/\/lionsulphur.com\/#website"},"datePublished":"2017-10-09T10:13:37+00:00","dateModified":"2023-02-11T15:08:03+00:00","breadcrumb":{"@id":"https:\/\/lionsulphur.com\/de\/hakkimizda\/#breadcrumb"},"inLanguage":"de","potentialAction":[{"@type":"ReadAction","target":["https:\/\/lionsulphur.com\/de\/hakkimizda\/"]}]},{"@type":"BreadcrumbList","@id":"https:\/\/lionsulphur.com\/de\/hakkimizda\/#breadcrumb","itemListElement":[{"@type":"ListItem","position":1,"name":"Anasayfa","item":"https:\/\/lionsulphur.com\/de\/"},{"@type":"ListItem","position":2,"name":"\u00dcber Uns"}]},{"@type":"WebSite","@id":"https:\/\/lionsulphur.com\/#website","url":"https:\/\/lionsulphur.com\/","name":"Lion Global Sulphur","description":"Lion Sulphur","publisher":{"@id":"https:\/\/lionsulphur.com\/#organization"},"potentialAction":[{"@type":"SearchAction","target":{"@type":"EntryPoint","urlTemplate":"https:\/\/lionsulphur.com\/?s={search_term_string}"},"query-input":"required name=search_term_string"}],"inLanguage":"de"},{"@type":"Organization","@id":"https:\/\/lionsulphur.com\/#organization","name":"Lion Global Sulphur","url":"https:\/\/lionsulphur.com\/","logo":{"@type":"ImageObject","inLanguage":"de","@id":"https:\/\/lionsulphur.com\/#\/schema\/logo\/image\/","url":"https:\/\/lionsulphur.com\/wp-content\/uploads\/2023\/02\/lio_sul.png","contentUrl":"https:\/\/lionsulphur.com\/wp-content\/uploads\/2023\/02\/lio_sul.png","width":731,"height":320,"caption":"Lion Global Sulphur"},"image":{"@id":"https:\/\/lionsulphur.com\/#\/schema\/logo\/image\/"},"sameAs":["https:\/\/www.instagram.com\/lionkukurt\/"]}]}},"_links":{"self":[{"href":"https:\/\/lionsulphur.com\/de\/wp-json\/wp\/v2\/pages\/4286"}],"collection":[{"href":"https:\/\/lionsulphur.com\/de\/wp-json\/wp\/v2\/pages"}],"about":[{"href":"https:\/\/lionsulphur.com\/de\/wp-json\/wp\/v2\/types\/page"}],"author":[{"embeddable":true,"href":"https:\/\/lionsulphur.com\/de\/wp-json\/wp\/v2\/users\/1"}],"replies":[{"embeddable":true,"href":"https:\/\/lionsulphur.com\/de\/wp-json\/wp\/v2\/comments?post=4286"}],"version-history":[{"count":9,"href":"https:\/\/lionsulphur.com\/de\/wp-json\/wp\/v2\/pages\/4286\/revisions"}],"predecessor-version":[{"id":5242,"href":"https:\/\/lionsulphur.com\/de\/wp-json\/wp\/v2\/pages\/4286\/revisions\/5242"}],"wp:attachment":[{"href":"https:\/\/lionsulphur.com\/de\/wp-json\/wp\/v2\/media?parent=4286"}],"curies":[{"name":"wp","href":"https:\/\/api.w.org\/{rel}","templated":true}]}}