{"id":4293,"date":"2017-10-14T13:15:40","date_gmt":"2017-10-14T13:15:40","guid":{"rendered":"https:\/\/test.lionsulphur.com\/urunlerimiz\/"},"modified":"2023-01-27T19:06:53","modified_gmt":"2023-01-27T16:06:53","slug":"urunlerimiz","status":"publish","type":"page","link":"https:\/\/lionsulphur.com\/de\/urunlerimiz\/","title":{"rendered":"Produkte"},"content":{"rendered":"<section class=\"wpb-content-wrapper\"><p>[vc_row css=&#8220;.vc_custom_1524223510012{padding-top: 0px !important;padding-bottom: 0px !important;}&#8220;][vc_column]<div class=\"services-wrapper services-1 services-light\" data-css=\"&quot;&quot;\"><div class=\"row\"><div class=\"col-lg-6 col-md-6\"><div class=\"services-inner\"><div class=\"services-title\"><h4><a href=\"https:\/\/lionsulphur.com\/de\/product\/gubreler\/\" class=\"entry-title\">D\u00fcngemittel<\/a><\/h4><\/div><!-- .services-title --><div class=\"services-excerpt\"><p>[vc_row][vc_column][vc_single_image image=&#8220;5506&#8243; img_size=&#8220;medium&#8220; alignment=&#8220;center&#8220; title=&#8220;Lion Global Schwefel&#8220;][\/vc_column][\/vc_row][vc_row][vc_column][vc_column_text] Es wird als sekund\u00e4rer Pflanzenn\u00e4hrstoff in der Landwirtschaft eingesetzt. [\/vc_column_text][\/vc_column][\/vc_row]<\/p>\n<\/div><!-- .services-excerpt --><div class=\"services-read-more\"><a href=\"https:\/\/lionsulphur.com\/de\/product\/gubreler\/\" class=\"read-more\">Detaylar \u00bb<\/a><\/div><!-- .services-read-more --><\/div><!-- .services-inner --><\/div><!-- .cols --><div class=\"col-lg-6 col-md-6\"><div class=\"services-inner\"><div class=\"services-title\"><h4><a href=\"https:\/\/lionsulphur.com\/de\/product\/rafineri-kimyasallari\/\" class=\"entry-title\">Raffinerie-Chemikalien<\/a><\/h4><\/div><!-- .services-title --><div class=\"services-excerpt\"><p>[vc_row][vc_column][vc_hoverbox image=&#8220;4461&#8243; primary_title=&#8220;Rafineri Kimyasallar\u0131 Transit Ticareti&#8220; hover_title=&#8220;&#8220;] UNSER AUSSENHANDEL IM \u00dcBERBLICK W\u00e4hrend wir \u00fcber ein breites Marketing- und Logistiknetzwerk mit der Erfahrung<\/p>\n<\/div><!-- .services-excerpt --><div class=\"services-read-more\"><a href=\"https:\/\/lionsulphur.com\/de\/product\/rafineri-kimyasallari\/\" class=\"read-more\">Detaylar \u00bb<\/a><\/div><!-- .services-read-more --><\/div><!-- .services-inner --><\/div><!-- .cols --><\/div><!-- .row --><div class=\"row\"><div class=\"col-lg-6 col-md-6\"><div class=\"services-inner\"><div class=\"services-title\"><h4><a href=\"https:\/\/lionsulphur.com\/de\/product\/mini-granul-kukurt\/\" class=\"entry-title\">Mini(kleines Teilchen) Granulat Schwefel<\/a><\/h4><\/div><!-- .services-title --><div class=\"services-excerpt\"><p>[vc_row css=&#8220;.vc_custom_1524199294833{padding-top: 0px !important;padding-bottom: 40px !important;}&#8220;][vc_column][vc_images_carousel images=&#8220;4224,4778&#8243; img_size=&#8220;500&#215;400&#8243; speed=&#8220;2000&#8243; autoplay=&#8220;yes&#8220; wrap=&#8220;yes&#8220;][vc_column_text] Aufgrund der gro\u00dfen standardm\u00e4\u00dfigen k\u00f6rnigen Schwefelpartikelgr\u00f6\u00dfe (normalerweise 4 &#8211; 10 mm)<\/p>\n<\/div><!-- .services-excerpt --><div class=\"services-read-more\"><a href=\"https:\/\/lionsulphur.com\/de\/product\/mini-granul-kukurt\/\" class=\"read-more\">Detaylar \u00bb<\/a><\/div><!-- .services-read-more --><\/div><!-- .services-inner --><\/div><!-- .cols --><div class=\"col-lg-6 col-md-6\"><div class=\"services-inner\"><div class=\"services-thumb\"><img width=\"375\" height=\"375\" src=\"https:\/\/lionsulphur.com\/wp-content\/uploads\/2017\/11\/tozkukurt.jpg\" class=\"img-fluid m-auto wp-post-image\" alt=\"\" decoding=\"async\" loading=\"lazy\" srcset=\"https:\/\/lionsulphur.com\/wp-content\/uploads\/2017\/11\/tozkukurt.jpg 375w, https:\/\/lionsulphur.com\/wp-content\/uploads\/2017\/11\/tozkukurt-80x80.jpg 80w\" sizes=\"(max-width: 375px) 100vw, 375px\" \/><\/div><!-- .services-thumb --><div class=\"services-title\"><h4><a href=\"https:\/\/lionsulphur.com\/de\/product\/elementel-mikronize-toz-kukurt\/\" class=\"entry-title\">Mikronisierter Pulverschwefel<\/a><\/h4><\/div><!-- .services-title --><div class=\"services-excerpt\"><p>[vc_row css=&#8220;.vc_custom_1524199294833{padding-top: 0px !important;padding-bottom: 40px !important;}&#8220;][vc_column][vc_column_text] Das Produkt, das durch die Reduzierung standardm\u00e4\u00dfiger k\u00f6rniger Schwefelpartikel auf 1\/20 bis 1\/100 Millimeter entsteht, indem<\/p>\n<\/div><!-- .services-excerpt --><div class=\"services-read-more\"><a href=\"https:\/\/lionsulphur.com\/de\/product\/elementel-mikronize-toz-kukurt\/\" class=\"read-more\">Detaylar \u00bb<\/a><\/div><!-- .services-read-more --><\/div><!-- .services-inner --><\/div><!-- .cols --><\/div><!-- .row --><div class=\"row\"><div class=\"col-lg-6 col-md-6\"><div class=\"services-inner\"><div class=\"services-thumb\"><img width=\"463\" height=\"426\" src=\"https:\/\/lionsulphur.com\/wp-content\/uploads\/2017\/11\/grnul2.jpg\" class=\"img-fluid m-auto wp-post-image\" alt=\"\" decoding=\"async\" loading=\"lazy\" \/><\/div><!-- .services-thumb --><div class=\"services-title\"><h4><a href=\"https:\/\/lionsulphur.com\/de\/product\/standart-granul-kukurt\/\" class=\"entry-title\">Standard-Granulat-Schwefel<\/a><\/h4><\/div><!-- .services-title --><div class=\"services-excerpt\"><p>[vc_row css=&#8220;.vc_custom_1524199294833{padding-top: 0px !important;padding-bottom: 40px !important;}&#8220;][vc_column][vc_column_text] Raffinerieaussto\u00df 99,8 % rein, Durchschnitt 3 &#8211; 5mm. mit 8 -10mm. Es ist ein Produkt mit<\/p>\n<\/div><!-- .services-excerpt --><div class=\"services-read-more\"><a href=\"https:\/\/lionsulphur.com\/de\/product\/standart-granul-kukurt\/\" class=\"read-more\">Detaylar \u00bb<\/a><\/div><!-- .services-read-more --><\/div><!-- .services-inner --><\/div><!-- .cols --><div class=\"col-lg-6 col-md-6\"><div class=\"services-inner\"><div class=\"services-thumb\"><img width=\"600\" height=\"456\" src=\"https:\/\/lionsulphur.com\/wp-content\/uploads\/2017\/10\/zyro-image600x600-600x456.jpg\" class=\"img-fluid m-auto wp-post-image\" alt=\"\" decoding=\"async\" loading=\"lazy\" \/><\/div><!-- .services-thumb --><div class=\"services-title\"><h4><a href=\"https:\/\/lionsulphur.com\/de\/product\/sivi-ph-duzenleyici-kukurt\/\" class=\"entry-title\">Fl\u00fcssiger Schwefel<\/a><\/h4><\/div><!-- .services-title --><div class=\"services-excerpt\"><p>[vc_row css=&#8220;.vc_custom_1524199294833{padding-top: 0px !important;padding-bottom: 40px !important;}&#8220;][vc_column][vc_column_text] Unser Schwefelprodukt Lion Liquid PH Regulator zeigt mit seinen Dichtewerten von 1,38 und 1,25 europaweit eine<\/p>\n<\/div><!-- .services-excerpt --><div class=\"services-read-more\"><a href=\"https:\/\/lionsulphur.com\/de\/product\/sivi-ph-duzenleyici-kukurt\/\" class=\"read-more\">Detaylar \u00bb<\/a><\/div><!-- .services-read-more --><\/div><!-- .services-inner --><\/div><!-- .cols --><\/div><!-- .row --><\/div><!-- .services-wrapper -->[\/vc_column][\/vc_row]<\/p>\n<\/section>","protected":false},"excerpt":{"rendered":"<p>[vc_row css=&#8220;.vc_custom_1524223510012{padding-top: 0px !important;padding-bottom: 0px !important;}&#8220;][vc_column][\/vc_column][\/vc_row]<\/p>\n","protected":false},"author":1,"featured_media":0,"parent":0,"menu_order":0,"comment_status":"closed","ping_status":"closed","template":"","meta":[],"yoast_head":"<!-- This site is optimized with the Yoast SEO plugin v20.1 - https:\/\/yoast.com\/wordpress\/plugins\/seo\/ -->\n<title>Produkte - Lion Global Sulphur<\/title>\n<meta name=\"robots\" content=\"index, follow, max-snippet:-1, max-image-preview:large, max-video-preview:-1\" \/>\n<link rel=\"canonical\" href=\"https:\/\/lionsulphur.com\/de\/urunlerimiz\/\" \/>\n<meta property=\"og:locale\" content=\"de_DE\" \/>\n<meta property=\"og:type\" content=\"article\" \/>\n<meta property=\"og:title\" content=\"Produkte - Lion Global Sulphur\" \/>\n<meta property=\"og:description\" content=\"[vc_row css=&#8220;.vc_custom_1524223510012{padding-top: 0px !important;padding-bottom: 0px !important;}&#8220;][vc_column][\/vc_column][\/vc_row]\" \/>\n<meta property=\"og:url\" content=\"https:\/\/lionsulphur.com\/de\/urunlerimiz\/\" \/>\n<meta property=\"og:site_name\" content=\"Lion Global Sulphur\" \/>\n<meta property=\"article:modified_time\" content=\"2023-01-27T16:06:53+00:00\" \/>\n<meta name=\"twitter:card\" content=\"summary_large_image\" \/>\n<script type=\"application\/ld+json\" class=\"yoast-schema-graph\">{\"@context\":\"https:\/\/schema.org\",\"@graph\":[{\"@type\":\"WebPage\",\"@id\":\"https:\/\/lionsulphur.com\/de\/urunlerimiz\/\",\"url\":\"https:\/\/lionsulphur.com\/de\/urunlerimiz\/\",\"name\":\"Produkte - Lion Global Sulphur\",\"isPartOf\":{\"@id\":\"https:\/\/lionsulphur.com\/#website\"},\"datePublished\":\"2017-10-14T13:15:40+00:00\",\"dateModified\":\"2023-01-27T16:06:53+00:00\",\"breadcrumb\":{\"@id\":\"https:\/\/lionsulphur.com\/de\/urunlerimiz\/#breadcrumb\"},\"inLanguage\":\"de\",\"potentialAction\":[{\"@type\":\"ReadAction\",\"target\":[\"https:\/\/lionsulphur.com\/de\/urunlerimiz\/\"]}]},{\"@type\":\"BreadcrumbList\",\"@id\":\"https:\/\/lionsulphur.com\/de\/urunlerimiz\/#breadcrumb\",\"itemListElement\":[{\"@type\":\"ListItem\",\"position\":1,\"name\":\"Anasayfa\",\"item\":\"https:\/\/lionsulphur.com\/de\/\"},{\"@type\":\"ListItem\",\"position\":2,\"name\":\"Produkte\"}]},{\"@type\":\"WebSite\",\"@id\":\"https:\/\/lionsulphur.com\/#website\",\"url\":\"https:\/\/lionsulphur.com\/\",\"name\":\"Lion Global Sulphur\",\"description\":\"Lion Sulphur\",\"publisher\":{\"@id\":\"https:\/\/lionsulphur.com\/#organization\"},\"potentialAction\":[{\"@type\":\"SearchAction\",\"target\":{\"@type\":\"EntryPoint\",\"urlTemplate\":\"https:\/\/lionsulphur.com\/?s={search_term_string}\"},\"query-input\":\"required name=search_term_string\"}],\"inLanguage\":\"de\"},{\"@type\":\"Organization\",\"@id\":\"https:\/\/lionsulphur.com\/#organization\",\"name\":\"Lion Global Sulphur\",\"url\":\"https:\/\/lionsulphur.com\/\",\"logo\":{\"@type\":\"ImageObject\",\"inLanguage\":\"de\",\"@id\":\"https:\/\/lionsulphur.com\/#\/schema\/logo\/image\/\",\"url\":\"https:\/\/lionsulphur.com\/wp-content\/uploads\/2023\/02\/lio_sul.png\",\"contentUrl\":\"https:\/\/lionsulphur.com\/wp-content\/uploads\/2023\/02\/lio_sul.png\",\"width\":731,\"height\":320,\"caption\":\"Lion Global Sulphur\"},\"image\":{\"@id\":\"https:\/\/lionsulphur.com\/#\/schema\/logo\/image\/\"},\"sameAs\":[\"https:\/\/www.instagram.com\/lionkukurt\/\"]}]}<\/script>\n<!-- \/ Yoast SEO plugin. -->","yoast_head_json":{"title":"Produkte - Lion Global Sulphur","robots":{"index":"index","follow":"follow","max-snippet":"max-snippet:-1","max-image-preview":"max-image-preview:large","max-video-preview":"max-video-preview:-1"},"canonical":"https:\/\/lionsulphur.com\/de\/urunlerimiz\/","og_locale":"de_DE","og_type":"article","og_title":"Produkte - Lion Global Sulphur","og_description":"[vc_row css=&#8220;.vc_custom_1524223510012{padding-top: 0px !important;padding-bottom: 0px !important;}&#8220;][vc_column][\/vc_column][\/vc_row]","og_url":"https:\/\/lionsulphur.com\/de\/urunlerimiz\/","og_site_name":"Lion Global Sulphur","article_modified_time":"2023-01-27T16:06:53+00:00","twitter_card":"summary_large_image","schema":{"@context":"https:\/\/schema.org","@graph":[{"@type":"WebPage","@id":"https:\/\/lionsulphur.com\/de\/urunlerimiz\/","url":"https:\/\/lionsulphur.com\/de\/urunlerimiz\/","name":"Produkte - Lion Global Sulphur","isPartOf":{"@id":"https:\/\/lionsulphur.com\/#website"},"datePublished":"2017-10-14T13:15:40+00:00","dateModified":"2023-01-27T16:06:53+00:00","breadcrumb":{"@id":"https:\/\/lionsulphur.com\/de\/urunlerimiz\/#breadcrumb"},"inLanguage":"de","potentialAction":[{"@type":"ReadAction","target":["https:\/\/lionsulphur.com\/de\/urunlerimiz\/"]}]},{"@type":"BreadcrumbList","@id":"https:\/\/lionsulphur.com\/de\/urunlerimiz\/#breadcrumb","itemListElement":[{"@type":"ListItem","position":1,"name":"Anasayfa","item":"https:\/\/lionsulphur.com\/de\/"},{"@type":"ListItem","position":2,"name":"Produkte"}]},{"@type":"WebSite","@id":"https:\/\/lionsulphur.com\/#website","url":"https:\/\/lionsulphur.com\/","name":"Lion Global Sulphur","description":"Lion Sulphur","publisher":{"@id":"https:\/\/lionsulphur.com\/#organization"},"potentialAction":[{"@type":"SearchAction","target":{"@type":"EntryPoint","urlTemplate":"https:\/\/lionsulphur.com\/?s={search_term_string}"},"query-input":"required name=search_term_string"}],"inLanguage":"de"},{"@type":"Organization","@id":"https:\/\/lionsulphur.com\/#organization","name":"Lion Global Sulphur","url":"https:\/\/lionsulphur.com\/","logo":{"@type":"ImageObject","inLanguage":"de","@id":"https:\/\/lionsulphur.com\/#\/schema\/logo\/image\/","url":"https:\/\/lionsulphur.com\/wp-content\/uploads\/2023\/02\/lio_sul.png","contentUrl":"https:\/\/lionsulphur.com\/wp-content\/uploads\/2023\/02\/lio_sul.png","width":731,"height":320,"caption":"Lion Global Sulphur"},"image":{"@id":"https:\/\/lionsulphur.com\/#\/schema\/logo\/image\/"},"sameAs":["https:\/\/www.instagram.com\/lionkukurt\/"]}]}},"_links":{"self":[{"href":"https:\/\/lionsulphur.com\/de\/wp-json\/wp\/v2\/pages\/4293"}],"collection":[{"href":"https:\/\/lionsulphur.com\/de\/wp-json\/wp\/v2\/pages"}],"about":[{"href":"https:\/\/lionsulphur.com\/de\/wp-json\/wp\/v2\/types\/page"}],"author":[{"embeddable":true,"href":"https:\/\/lionsulphur.com\/de\/wp-json\/wp\/v2\/users\/1"}],"replies":[{"embeddable":true,"href":"https:\/\/lionsulphur.com\/de\/wp-json\/wp\/v2\/comments?post=4293"}],"version-history":[{"count":1,"href":"https:\/\/lionsulphur.com\/de\/wp-json\/wp\/v2\/pages\/4293\/revisions"}],"predecessor-version":[{"id":4515,"href":"https:\/\/lionsulphur.com\/de\/wp-json\/wp\/v2\/pages\/4293\/revisions\/4515"}],"wp:attachment":[{"href":"https:\/\/lionsulphur.com\/de\/wp-json\/wp\/v2\/media?parent=4293"}],"curies":[{"name":"wp","href":"https:\/\/api.w.org\/{rel}","templated":true}]}}