{"id":4285,"date":"2017-10-09T13:13:37","date_gmt":"2017-10-09T10:13:37","guid":{"rendered":"https:\/\/test.lionsulphur.com\/hakkimizda\/"},"modified":"2023-02-11T17:58:55","modified_gmt":"2023-02-11T14:58:55","slug":"hakkimizda","status":"publish","type":"page","link":"https:\/\/lionsulphur.com\/fr\/hakkimizda\/","title":{"rendered":"A Propos De Nous"},"content":{"rendered":"<section class=\"wpb-content-wrapper\"><p>[vc_row][vc_column offset=\u00a0\u00bbvc_col-lg-8 vc_col-md-8&Prime;]<div class=\"section-title-wrapper shortcode-rand-1 induzy-inline-css\" data-css=\"&quot;.shortcode-rand-1 .title-separator.separator-border { background-color: ; }.shortcode-rand-1 .section-title { text-transform: none; }&quot;\"><div class=\"title-wrap\"><h2 class=\"section-title\">Lion Global Soufre<\/h2><span class=\"title-separator separator-border theme-color-bg\"><\/span><\/div><!-- .title-wrap --><div class=\"section-description\"><span class=\"HwtZe\" lang=\"tr\"><span class=\"jCAhz ChMk0b\"><span class=\"ryNqvb\">Nous sommes une entreprise ax\u00e9e sur la confiance sp\u00e9cialis\u00e9e dans le traitement du soufre raffin\u00e9 (granulaire) (r\u00e9duction de la taille des particules &#8211; micronisation) et le raffinage des produits chimiques.<\/span><\/span> <span class=\"jCAhz ChMk0b\"><span class=\"ryNqvb\">Nous dirigeons nos activit\u00e9s sur les march\u00e9s nationaux et internationaux avec notre parc de machines capable de produire et d&#8217;emballer selon les normes mondiales dans tous les traitements du soufre, avec notre qualit\u00e9 de produit et notre principe de livraison \u00e0 temps.<\/span><\/span> <span class=\"jCAhz ChMk0b\"><span class=\"ryNqvb\">Partager nos analyses de laboratoire accr\u00e9dit\u00e9es au niveau international avec nos acheteurs sur notre site Web et avec nos produits et ne pas compromettre la qualit\u00e9 de nos produits de quelque mani\u00e8re que ce soit est le plus grand indicateur de notre fiabilit\u00e9 dans les conditions du march\u00e9.<\/span><\/span><\/span><br \/>\n<span class=\"color18\">Selon les accords conclus; Nous sommes en mesure de servir nos clients avec toutes les m\u00e9thodes d&rsquo;exp\u00e9dition et de livraison.<\/span><br \/>\n<span class=\"color18\">Formes d&#8217;emballage selon la demande du client ; Il est standardis\u00e9 en colis de 10 \u2013 25 \u2013 50 \u2013 500 \u2013 1000 kg.<\/span><br \/>\n<span class=\"color18\"> La surveillance de l&rsquo;ensemble du march\u00e9 mondial du soufre et des conditions d&rsquo;exp\u00e9dition, ainsi que nos syst\u00e8mes de suivi mondiaux comparatifs comme ARGUS, sont nos outils les plus importants pour optimiser nos prix.<\/span> <span style=\"color: #ffffff;\">Soufre en poudre micronis\u00e9 \u00e9l\u00e9mentaire<\/span><br \/>\n<span class=\"color18\"> Au plaisir de vous rencontrer et de nouer de nouveaux contacts d&rsquo;affaires.<\/span><\/p>\n<p>&nbsp;<\/div><!-- .section-description --><\/div><!-- .section-title-wrapper --><div class=\"feature-box-wrapper feature-box-style-1 vc_custom_1676127529386 shortcode-rand-2 induzy-inline-css\" data-css=\"&quot;.shortcode-rand-2.feature-box-wrapper {background: -moz-linear-gradient(141deg,  0%,  51%,  75%);\\r\\n\\t\\t\\t\\tbackground: -webkit-linear-gradient(141deg,  0%,  51%,  75%);\\r\\n\\t\\t\\t\\tbackground: linear-gradient(141deg,  0%,  51%,  75%);}.shortcode-rand-2 .feature-box-icon { font-size: 24px; }.shortcode-rand-2 .feature-box-icon { height: 48px; width: 48px; }.shortcode-rand-2 .feature-box-icon &gt; span { line-height: 2; }.shortcode-rand-2:hover .feature-box-icon { background: none; }&quot;\" ><div class=\"feature-box-btn\"><a class=\"btn default\" href=\"https:\/\/lionsulphur.com\/fr\/iletisim\/\" title=\"Communication\">Communication<\/a><\/div><!-- .feature-box-btn --><\/div><!-- .feature-box-wrapper -->[\/vc_column][vc_column offset=\u00a0\u00bbvc_col-lg-4 vc_col-md-4&Prime;][vc_single_image image=\u00a0\u00bb4139&Prime; img_size=\u00a0\u00bbfull\u00a0\u00bb][\/vc_column][\/vc_row][vc_row][vc_column][\/vc_column][\/vc_row]<\/p>\n<\/section>","protected":false},"excerpt":{"rendered":"<p>[vc_row][vc_column offset=\u00a0\u00bbvc_col-lg-8 vc_col-md-8&Prime;][\/vc_column][vc_column offset=\u00a0\u00bbvc_col-lg-4 vc_col-md-4&Prime;][vc_single_image image=\u00a0\u00bb4139&Prime; img_size=\u00a0\u00bbfull\u00a0\u00bb][\/vc_column][\/vc_row][vc_row][vc_column][\/vc_column][\/vc_row]<\/p>\n","protected":false},"author":1,"featured_media":0,"parent":0,"menu_order":0,"comment_status":"closed","ping_status":"closed","template":"","meta":[],"yoast_head":"<!-- This site is optimized with the Yoast SEO plugin v20.1 - https:\/\/yoast.com\/wordpress\/plugins\/seo\/ -->\n<title>A Propos De Nous - Lion Global Sulphur<\/title>\n<meta name=\"robots\" content=\"index, follow, max-snippet:-1, max-image-preview:large, max-video-preview:-1\" \/>\n<link rel=\"canonical\" href=\"https:\/\/lionsulphur.com\/fr\/hakkimizda\/\" \/>\n<meta property=\"og:locale\" content=\"fr_FR\" \/>\n<meta property=\"og:type\" content=\"article\" \/>\n<meta property=\"og:title\" content=\"A Propos De Nous - Lion Global Sulphur\" \/>\n<meta property=\"og:description\" content=\"[vc_row][vc_column offset=\u00a0\u00bbvc_col-lg-8 vc_col-md-8&Prime;][\/vc_column][vc_column offset=\u00a0\u00bbvc_col-lg-4 vc_col-md-4&Prime;][vc_single_image image=\u00a0\u00bb4139&Prime; img_size=\u00a0\u00bbfull\u00a0\u00bb][\/vc_column][\/vc_row][vc_row][vc_column][\/vc_column][\/vc_row]\" \/>\n<meta property=\"og:url\" content=\"https:\/\/lionsulphur.com\/fr\/hakkimizda\/\" \/>\n<meta property=\"og:site_name\" content=\"Lion Global Sulphur\" \/>\n<meta property=\"article:modified_time\" content=\"2023-02-11T14:58:55+00:00\" \/>\n<meta name=\"twitter:card\" content=\"summary_large_image\" \/>\n<meta name=\"twitter:label1\" content=\"Dur\u00e9e de lecture estim\u00e9e\" \/>\n\t<meta name=\"twitter:data1\" content=\"2 minutes\" \/>\n<script type=\"application\/ld+json\" class=\"yoast-schema-graph\">{\"@context\":\"https:\/\/schema.org\",\"@graph\":[{\"@type\":\"WebPage\",\"@id\":\"https:\/\/lionsulphur.com\/fr\/hakkimizda\/\",\"url\":\"https:\/\/lionsulphur.com\/fr\/hakkimizda\/\",\"name\":\"A Propos De Nous - Lion Global Sulphur\",\"isPartOf\":{\"@id\":\"https:\/\/lionsulphur.com\/#website\"},\"datePublished\":\"2017-10-09T10:13:37+00:00\",\"dateModified\":\"2023-02-11T14:58:55+00:00\",\"breadcrumb\":{\"@id\":\"https:\/\/lionsulphur.com\/fr\/hakkimizda\/#breadcrumb\"},\"inLanguage\":\"fr-FR\",\"potentialAction\":[{\"@type\":\"ReadAction\",\"target\":[\"https:\/\/lionsulphur.com\/fr\/hakkimizda\/\"]}]},{\"@type\":\"BreadcrumbList\",\"@id\":\"https:\/\/lionsulphur.com\/fr\/hakkimizda\/#breadcrumb\",\"itemListElement\":[{\"@type\":\"ListItem\",\"position\":1,\"name\":\"Anasayfa\",\"item\":\"https:\/\/lionsulphur.com\/fr\/\"},{\"@type\":\"ListItem\",\"position\":2,\"name\":\"A Propos De Nous\"}]},{\"@type\":\"WebSite\",\"@id\":\"https:\/\/lionsulphur.com\/#website\",\"url\":\"https:\/\/lionsulphur.com\/\",\"name\":\"Lion Global Sulphur\",\"description\":\"Lion Sulphur\",\"publisher\":{\"@id\":\"https:\/\/lionsulphur.com\/#organization\"},\"potentialAction\":[{\"@type\":\"SearchAction\",\"target\":{\"@type\":\"EntryPoint\",\"urlTemplate\":\"https:\/\/lionsulphur.com\/?s={search_term_string}\"},\"query-input\":\"required name=search_term_string\"}],\"inLanguage\":\"fr-FR\"},{\"@type\":\"Organization\",\"@id\":\"https:\/\/lionsulphur.com\/#organization\",\"name\":\"Lion Global Sulphur\",\"url\":\"https:\/\/lionsulphur.com\/\",\"logo\":{\"@type\":\"ImageObject\",\"inLanguage\":\"fr-FR\",\"@id\":\"https:\/\/lionsulphur.com\/#\/schema\/logo\/image\/\",\"url\":\"https:\/\/lionsulphur.com\/wp-content\/uploads\/2023\/02\/lio_sul.png\",\"contentUrl\":\"https:\/\/lionsulphur.com\/wp-content\/uploads\/2023\/02\/lio_sul.png\",\"width\":731,\"height\":320,\"caption\":\"Lion Global Sulphur\"},\"image\":{\"@id\":\"https:\/\/lionsulphur.com\/#\/schema\/logo\/image\/\"},\"sameAs\":[\"https:\/\/www.instagram.com\/lionkukurt\/\"]}]}<\/script>\n<!-- \/ Yoast SEO plugin. -->","yoast_head_json":{"title":"A Propos De Nous - Lion Global Sulphur","robots":{"index":"index","follow":"follow","max-snippet":"max-snippet:-1","max-image-preview":"max-image-preview:large","max-video-preview":"max-video-preview:-1"},"canonical":"https:\/\/lionsulphur.com\/fr\/hakkimizda\/","og_locale":"fr_FR","og_type":"article","og_title":"A Propos De Nous - Lion Global Sulphur","og_description":"[vc_row][vc_column offset=\u00a0\u00bbvc_col-lg-8 vc_col-md-8&Prime;][\/vc_column][vc_column offset=\u00a0\u00bbvc_col-lg-4 vc_col-md-4&Prime;][vc_single_image image=\u00a0\u00bb4139&Prime; img_size=\u00a0\u00bbfull\u00a0\u00bb][\/vc_column][\/vc_row][vc_row][vc_column][\/vc_column][\/vc_row]","og_url":"https:\/\/lionsulphur.com\/fr\/hakkimizda\/","og_site_name":"Lion Global Sulphur","article_modified_time":"2023-02-11T14:58:55+00:00","twitter_card":"summary_large_image","twitter_misc":{"Dur\u00e9e de lecture estim\u00e9e":"2 minutes"},"schema":{"@context":"https:\/\/schema.org","@graph":[{"@type":"WebPage","@id":"https:\/\/lionsulphur.com\/fr\/hakkimizda\/","url":"https:\/\/lionsulphur.com\/fr\/hakkimizda\/","name":"A Propos De Nous - Lion Global Sulphur","isPartOf":{"@id":"https:\/\/lionsulphur.com\/#website"},"datePublished":"2017-10-09T10:13:37+00:00","dateModified":"2023-02-11T14:58:55+00:00","breadcrumb":{"@id":"https:\/\/lionsulphur.com\/fr\/hakkimizda\/#breadcrumb"},"inLanguage":"fr-FR","potentialAction":[{"@type":"ReadAction","target":["https:\/\/lionsulphur.com\/fr\/hakkimizda\/"]}]},{"@type":"BreadcrumbList","@id":"https:\/\/lionsulphur.com\/fr\/hakkimizda\/#breadcrumb","itemListElement":[{"@type":"ListItem","position":1,"name":"Anasayfa","item":"https:\/\/lionsulphur.com\/fr\/"},{"@type":"ListItem","position":2,"name":"A Propos De Nous"}]},{"@type":"WebSite","@id":"https:\/\/lionsulphur.com\/#website","url":"https:\/\/lionsulphur.com\/","name":"Lion Global Sulphur","description":"Lion Sulphur","publisher":{"@id":"https:\/\/lionsulphur.com\/#organization"},"potentialAction":[{"@type":"SearchAction","target":{"@type":"EntryPoint","urlTemplate":"https:\/\/lionsulphur.com\/?s={search_term_string}"},"query-input":"required name=search_term_string"}],"inLanguage":"fr-FR"},{"@type":"Organization","@id":"https:\/\/lionsulphur.com\/#organization","name":"Lion Global Sulphur","url":"https:\/\/lionsulphur.com\/","logo":{"@type":"ImageObject","inLanguage":"fr-FR","@id":"https:\/\/lionsulphur.com\/#\/schema\/logo\/image\/","url":"https:\/\/lionsulphur.com\/wp-content\/uploads\/2023\/02\/lio_sul.png","contentUrl":"https:\/\/lionsulphur.com\/wp-content\/uploads\/2023\/02\/lio_sul.png","width":731,"height":320,"caption":"Lion Global Sulphur"},"image":{"@id":"https:\/\/lionsulphur.com\/#\/schema\/logo\/image\/"},"sameAs":["https:\/\/www.instagram.com\/lionkukurt\/"]}]}},"_links":{"self":[{"href":"https:\/\/lionsulphur.com\/fr\/wp-json\/wp\/v2\/pages\/4285"}],"collection":[{"href":"https:\/\/lionsulphur.com\/fr\/wp-json\/wp\/v2\/pages"}],"about":[{"href":"https:\/\/lionsulphur.com\/fr\/wp-json\/wp\/v2\/types\/page"}],"author":[{"embeddable":true,"href":"https:\/\/lionsulphur.com\/fr\/wp-json\/wp\/v2\/users\/1"}],"replies":[{"embeddable":true,"href":"https:\/\/lionsulphur.com\/fr\/wp-json\/wp\/v2\/comments?post=4285"}],"version-history":[{"count":6,"href":"https:\/\/lionsulphur.com\/fr\/wp-json\/wp\/v2\/pages\/4285\/revisions"}],"predecessor-version":[{"id":5240,"href":"https:\/\/lionsulphur.com\/fr\/wp-json\/wp\/v2\/pages\/4285\/revisions\/5240"}],"wp:attachment":[{"href":"https:\/\/lionsulphur.com\/fr\/wp-json\/wp\/v2\/media?parent=4285"}],"curies":[{"name":"wp","href":"https:\/\/api.w.org\/{rel}","templated":true}]}}