{"id":4292,"date":"2017-10-14T13:15:40","date_gmt":"2017-10-14T13:15:40","guid":{"rendered":"https:\/\/test.lionsulphur.com\/urunlerimiz\/"},"modified":"2023-01-27T19:06:15","modified_gmt":"2023-01-27T16:06:15","slug":"urunlerimiz","status":"publish","type":"page","link":"https:\/\/lionsulphur.com\/fr\/urunlerimiz\/","title":{"rendered":"Produits"},"content":{"rendered":"<section class=\"wpb-content-wrapper\"><p>[vc_row css=\u00a0\u00bb.vc_custom_1524223510012{padding-top: 0px !important;padding-bottom: 0px !important;}\u00a0\u00bb][vc_column]<div class=\"services-wrapper services-1 services-light\" data-css=\"&quot;&quot;\"><div class=\"row\"><div class=\"col-lg-6 col-md-6\"><div class=\"services-inner\"><div class=\"services-title\"><h4><a href=\"https:\/\/lionsulphur.com\/fr\/product\/gubreler\/\" class=\"entry-title\">Les engrais<\/a><\/h4><\/div><!-- .services-title --><div class=\"services-excerpt\"><p>[vc_row][vc_column][vc_single_image image=\u00a0\u00bb5506&Prime; img_size=\u00a0\u00bbmedium\u00a0\u00bb alignment=\u00a0\u00bbcenter\u00a0\u00bb title=\u00a0\u00bbLion Global Soufre\u00a0\u00bb][\/vc_column][\/vc_row][vc_row][vc_column][vc_column_text] Il est utilis\u00e9 comme nutriment secondaire pour les plantes en agriculture. [\/vc_column_text][\/vc_column][\/vc_row]<\/p>\n<\/div><!-- .services-excerpt --><div class=\"services-read-more\"><a href=\"https:\/\/lionsulphur.com\/fr\/product\/gubreler\/\" class=\"read-more\">Detaylar \u00bb<\/a><\/div><!-- .services-read-more --><\/div><!-- .services-inner --><\/div><!-- .cols --><div class=\"col-lg-6 col-md-6\"><div class=\"services-inner\"><div class=\"services-title\"><h4><a href=\"https:\/\/lionsulphur.com\/fr\/product\/rafineri-kimyasallari\/\" class=\"entry-title\">Produits chimiques de raffinerie<\/a><\/h4><\/div><!-- .services-title --><div class=\"services-excerpt\"><p>[vc_row][vc_column][vc_hoverbox image=\u00a0\u00bb4461&Prime; primary_title=\u00a0\u00bbRafineri Kimyasallar\u0131 Transit Ticareti\u00a0\u00bb hover_title=\u00a0\u00bb\u00a0\u00bb] NOTRE APER\u00c7U DU COMMERCE EXT\u00c9RIEUR Bien que nous disposions d&rsquo;un vaste r\u00e9seau de marketing et<\/p>\n<\/div><!-- .services-excerpt --><div class=\"services-read-more\"><a href=\"https:\/\/lionsulphur.com\/fr\/product\/rafineri-kimyasallari\/\" class=\"read-more\">Detaylar \u00bb<\/a><\/div><!-- .services-read-more --><\/div><!-- .services-inner --><\/div><!-- .cols --><\/div><!-- .row --><div class=\"row\"><div class=\"col-lg-6 col-md-6\"><div class=\"services-inner\"><div class=\"services-title\"><h4><a href=\"https:\/\/lionsulphur.com\/fr\/product\/mini-granul-kukurt\/\" class=\"entry-title\">Mini(petite particule) Granule soufre<\/a><\/h4><\/div><!-- .services-title --><div class=\"services-excerpt\"><p>[vc_row css=\u00a0\u00bb.vc_custom_1524199294833{padding-top: 0px !important;padding-bottom: 40px !important;}\u00a0\u00bb][vc_column][vc_images_carousel images=\u00a0\u00bb4224,4778&Prime; img_size=\u00a0\u00bb500&#215;400&Prime; speed=\u00a0\u00bb2000&Prime; autoplay=\u00a0\u00bbyes\u00a0\u00bb wrap=\u00a0\u00bbyes\u00a0\u00bb][vc_column_text] En raison de la grande taille standard des particules de soufre<\/p>\n<\/div><!-- .services-excerpt --><div class=\"services-read-more\"><a href=\"https:\/\/lionsulphur.com\/fr\/product\/mini-granul-kukurt\/\" class=\"read-more\">Detaylar \u00bb<\/a><\/div><!-- .services-read-more --><\/div><!-- .services-inner --><\/div><!-- .cols --><div class=\"col-lg-6 col-md-6\"><div class=\"services-inner\"><div class=\"services-thumb\"><img width=\"375\" height=\"375\" src=\"https:\/\/lionsulphur.com\/wp-content\/uploads\/2017\/11\/tozkukurt.jpg\" class=\"img-fluid m-auto wp-post-image\" alt=\"\" decoding=\"async\" loading=\"lazy\" srcset=\"https:\/\/lionsulphur.com\/wp-content\/uploads\/2017\/11\/tozkukurt.jpg 375w, https:\/\/lionsulphur.com\/wp-content\/uploads\/2017\/11\/tozkukurt-80x80.jpg 80w\" sizes=\"(max-width: 375px) 100vw, 375px\" \/><\/div><!-- .services-thumb --><div class=\"services-title\"><h4><a href=\"https:\/\/lionsulphur.com\/fr\/product\/elementel-mikronize-toz-kukurt\/\" class=\"entry-title\">Soufre en poudre micronis\u00e9<\/a><\/h4><\/div><!-- .services-title --><div class=\"services-excerpt\"><p>[vc_row css=\u00a0\u00bb.vc_custom_1524199294833{padding-top: 0px !important;padding-bottom: 40px !important;}\u00a0\u00bb][vc_column][vc_column_text] Le produit form\u00e9 en r\u00e9duisant les particules de soufre granulaires standard \u00e0 1\/20 \u00e0 1\/100 de<\/p>\n<\/div><!-- .services-excerpt --><div class=\"services-read-more\"><a href=\"https:\/\/lionsulphur.com\/fr\/product\/elementel-mikronize-toz-kukurt\/\" class=\"read-more\">Detaylar \u00bb<\/a><\/div><!-- .services-read-more --><\/div><!-- .services-inner --><\/div><!-- .cols --><\/div><!-- .row --><div class=\"row\"><div class=\"col-lg-6 col-md-6\"><div class=\"services-inner\"><div class=\"services-thumb\"><img width=\"463\" height=\"426\" src=\"https:\/\/lionsulphur.com\/wp-content\/uploads\/2017\/11\/grnul2.jpg\" class=\"img-fluid m-auto wp-post-image\" alt=\"\" decoding=\"async\" loading=\"lazy\" \/><\/div><!-- .services-thumb --><div class=\"services-title\"><h4><a href=\"https:\/\/lionsulphur.com\/fr\/product\/standart-granul-kukurt\/\" class=\"entry-title\">Soufre granulaire standard<\/a><\/h4><\/div><!-- .services-title --><div class=\"services-excerpt\"><p>[vc_row css=\u00a0\u00bb.vc_custom_1524199294833{padding-top: 0px !important;padding-bottom: 40px !important;}\u00a0\u00bb][vc_column][vc_column_text] Sortie de raffinerie 99,8 % pure, moyenne 3 &#8211; 5 millim\u00e8tres. avec 8 -10 mm. C&rsquo;est<\/p>\n<\/div><!-- .services-excerpt --><div class=\"services-read-more\"><a href=\"https:\/\/lionsulphur.com\/fr\/product\/standart-granul-kukurt\/\" class=\"read-more\">Detaylar \u00bb<\/a><\/div><!-- .services-read-more --><\/div><!-- .services-inner --><\/div><!-- .cols --><div class=\"col-lg-6 col-md-6\"><div class=\"services-inner\"><div class=\"services-thumb\"><img width=\"600\" height=\"456\" src=\"https:\/\/lionsulphur.com\/wp-content\/uploads\/2017\/10\/zyro-image600x600-600x456.jpg\" class=\"img-fluid m-auto wp-post-image\" alt=\"\" decoding=\"async\" loading=\"lazy\" \/><\/div><!-- .services-thumb --><div class=\"services-title\"><h4><a href=\"https:\/\/lionsulphur.com\/fr\/product\/sivi-ph-duzenleyici-kukurt\/\" class=\"entry-title\">Soufre liquide<\/a><\/h4><\/div><!-- .services-title --><div class=\"services-excerpt\"><p>[vc_row css=\u00a0\u00bb.vc_custom_1524199294833{padding-top: 0px !important;padding-bottom: 40px !important;}\u00a0\u00bb][vc_column][vc_column_text] Il s&rsquo;agit de la conversion de granul\u00e9s de soufre solides en une forme flottante dans l&rsquo;eau<\/p>\n<\/div><!-- .services-excerpt --><div class=\"services-read-more\"><a href=\"https:\/\/lionsulphur.com\/fr\/product\/sivi-ph-duzenleyici-kukurt\/\" class=\"read-more\">Detaylar \u00bb<\/a><\/div><!-- .services-read-more --><\/div><!-- .services-inner --><\/div><!-- .cols --><\/div><!-- .row --><\/div><!-- .services-wrapper -->[\/vc_column][\/vc_row]<\/p>\n<\/section>","protected":false},"excerpt":{"rendered":"<p>[vc_row css=\u00a0\u00bb.vc_custom_1524223510012{padding-top: 0px !important;padding-bottom: 0px !important;}\u00a0\u00bb][vc_column][\/vc_column][\/vc_row]<\/p>\n","protected":false},"author":1,"featured_media":0,"parent":0,"menu_order":0,"comment_status":"closed","ping_status":"closed","template":"","meta":[],"yoast_head":"<!-- This site is optimized with the Yoast SEO plugin v20.1 - https:\/\/yoast.com\/wordpress\/plugins\/seo\/ -->\n<title>Produits - Lion Global Sulphur<\/title>\n<meta name=\"robots\" content=\"index, follow, max-snippet:-1, max-image-preview:large, max-video-preview:-1\" \/>\n<link rel=\"canonical\" href=\"https:\/\/lionsulphur.com\/fr\/urunlerimiz\/\" \/>\n<meta property=\"og:locale\" content=\"fr_FR\" \/>\n<meta property=\"og:type\" content=\"article\" \/>\n<meta property=\"og:title\" content=\"Produits - Lion Global Sulphur\" \/>\n<meta property=\"og:description\" content=\"[vc_row css=\u00a0\u00bb.vc_custom_1524223510012{padding-top: 0px !important;padding-bottom: 0px !important;}\u00a0\u00bb][vc_column][\/vc_column][\/vc_row]\" \/>\n<meta property=\"og:url\" content=\"https:\/\/lionsulphur.com\/fr\/urunlerimiz\/\" \/>\n<meta property=\"og:site_name\" content=\"Lion Global Sulphur\" \/>\n<meta property=\"article:modified_time\" content=\"2023-01-27T16:06:15+00:00\" \/>\n<meta name=\"twitter:card\" content=\"summary_large_image\" \/>\n<script type=\"application\/ld+json\" class=\"yoast-schema-graph\">{\"@context\":\"https:\/\/schema.org\",\"@graph\":[{\"@type\":\"WebPage\",\"@id\":\"https:\/\/lionsulphur.com\/fr\/urunlerimiz\/\",\"url\":\"https:\/\/lionsulphur.com\/fr\/urunlerimiz\/\",\"name\":\"Produits - Lion Global Sulphur\",\"isPartOf\":{\"@id\":\"https:\/\/lionsulphur.com\/#website\"},\"datePublished\":\"2017-10-14T13:15:40+00:00\",\"dateModified\":\"2023-01-27T16:06:15+00:00\",\"breadcrumb\":{\"@id\":\"https:\/\/lionsulphur.com\/fr\/urunlerimiz\/#breadcrumb\"},\"inLanguage\":\"fr-FR\",\"potentialAction\":[{\"@type\":\"ReadAction\",\"target\":[\"https:\/\/lionsulphur.com\/fr\/urunlerimiz\/\"]}]},{\"@type\":\"BreadcrumbList\",\"@id\":\"https:\/\/lionsulphur.com\/fr\/urunlerimiz\/#breadcrumb\",\"itemListElement\":[{\"@type\":\"ListItem\",\"position\":1,\"name\":\"Anasayfa\",\"item\":\"https:\/\/lionsulphur.com\/fr\/\"},{\"@type\":\"ListItem\",\"position\":2,\"name\":\"Produits\"}]},{\"@type\":\"WebSite\",\"@id\":\"https:\/\/lionsulphur.com\/#website\",\"url\":\"https:\/\/lionsulphur.com\/\",\"name\":\"Lion Global Sulphur\",\"description\":\"Lion Sulphur\",\"publisher\":{\"@id\":\"https:\/\/lionsulphur.com\/#organization\"},\"potentialAction\":[{\"@type\":\"SearchAction\",\"target\":{\"@type\":\"EntryPoint\",\"urlTemplate\":\"https:\/\/lionsulphur.com\/?s={search_term_string}\"},\"query-input\":\"required name=search_term_string\"}],\"inLanguage\":\"fr-FR\"},{\"@type\":\"Organization\",\"@id\":\"https:\/\/lionsulphur.com\/#organization\",\"name\":\"Lion Global Sulphur\",\"url\":\"https:\/\/lionsulphur.com\/\",\"logo\":{\"@type\":\"ImageObject\",\"inLanguage\":\"fr-FR\",\"@id\":\"https:\/\/lionsulphur.com\/#\/schema\/logo\/image\/\",\"url\":\"https:\/\/lionsulphur.com\/wp-content\/uploads\/2023\/02\/lio_sul.png\",\"contentUrl\":\"https:\/\/lionsulphur.com\/wp-content\/uploads\/2023\/02\/lio_sul.png\",\"width\":731,\"height\":320,\"caption\":\"Lion Global Sulphur\"},\"image\":{\"@id\":\"https:\/\/lionsulphur.com\/#\/schema\/logo\/image\/\"},\"sameAs\":[\"https:\/\/www.instagram.com\/lionkukurt\/\"]}]}<\/script>\n<!-- \/ Yoast SEO plugin. -->","yoast_head_json":{"title":"Produits - Lion Global Sulphur","robots":{"index":"index","follow":"follow","max-snippet":"max-snippet:-1","max-image-preview":"max-image-preview:large","max-video-preview":"max-video-preview:-1"},"canonical":"https:\/\/lionsulphur.com\/fr\/urunlerimiz\/","og_locale":"fr_FR","og_type":"article","og_title":"Produits - Lion Global Sulphur","og_description":"[vc_row css=\u00a0\u00bb.vc_custom_1524223510012{padding-top: 0px !important;padding-bottom: 0px !important;}\u00a0\u00bb][vc_column][\/vc_column][\/vc_row]","og_url":"https:\/\/lionsulphur.com\/fr\/urunlerimiz\/","og_site_name":"Lion Global Sulphur","article_modified_time":"2023-01-27T16:06:15+00:00","twitter_card":"summary_large_image","schema":{"@context":"https:\/\/schema.org","@graph":[{"@type":"WebPage","@id":"https:\/\/lionsulphur.com\/fr\/urunlerimiz\/","url":"https:\/\/lionsulphur.com\/fr\/urunlerimiz\/","name":"Produits - Lion Global Sulphur","isPartOf":{"@id":"https:\/\/lionsulphur.com\/#website"},"datePublished":"2017-10-14T13:15:40+00:00","dateModified":"2023-01-27T16:06:15+00:00","breadcrumb":{"@id":"https:\/\/lionsulphur.com\/fr\/urunlerimiz\/#breadcrumb"},"inLanguage":"fr-FR","potentialAction":[{"@type":"ReadAction","target":["https:\/\/lionsulphur.com\/fr\/urunlerimiz\/"]}]},{"@type":"BreadcrumbList","@id":"https:\/\/lionsulphur.com\/fr\/urunlerimiz\/#breadcrumb","itemListElement":[{"@type":"ListItem","position":1,"name":"Anasayfa","item":"https:\/\/lionsulphur.com\/fr\/"},{"@type":"ListItem","position":2,"name":"Produits"}]},{"@type":"WebSite","@id":"https:\/\/lionsulphur.com\/#website","url":"https:\/\/lionsulphur.com\/","name":"Lion Global Sulphur","description":"Lion Sulphur","publisher":{"@id":"https:\/\/lionsulphur.com\/#organization"},"potentialAction":[{"@type":"SearchAction","target":{"@type":"EntryPoint","urlTemplate":"https:\/\/lionsulphur.com\/?s={search_term_string}"},"query-input":"required name=search_term_string"}],"inLanguage":"fr-FR"},{"@type":"Organization","@id":"https:\/\/lionsulphur.com\/#organization","name":"Lion Global Sulphur","url":"https:\/\/lionsulphur.com\/","logo":{"@type":"ImageObject","inLanguage":"fr-FR","@id":"https:\/\/lionsulphur.com\/#\/schema\/logo\/image\/","url":"https:\/\/lionsulphur.com\/wp-content\/uploads\/2023\/02\/lio_sul.png","contentUrl":"https:\/\/lionsulphur.com\/wp-content\/uploads\/2023\/02\/lio_sul.png","width":731,"height":320,"caption":"Lion Global Sulphur"},"image":{"@id":"https:\/\/lionsulphur.com\/#\/schema\/logo\/image\/"},"sameAs":["https:\/\/www.instagram.com\/lionkukurt\/"]}]}},"_links":{"self":[{"href":"https:\/\/lionsulphur.com\/fr\/wp-json\/wp\/v2\/pages\/4292"}],"collection":[{"href":"https:\/\/lionsulphur.com\/fr\/wp-json\/wp\/v2\/pages"}],"about":[{"href":"https:\/\/lionsulphur.com\/fr\/wp-json\/wp\/v2\/types\/page"}],"author":[{"embeddable":true,"href":"https:\/\/lionsulphur.com\/fr\/wp-json\/wp\/v2\/users\/1"}],"replies":[{"embeddable":true,"href":"https:\/\/lionsulphur.com\/fr\/wp-json\/wp\/v2\/comments?post=4292"}],"version-history":[{"count":1,"href":"https:\/\/lionsulphur.com\/fr\/wp-json\/wp\/v2\/pages\/4292\/revisions"}],"predecessor-version":[{"id":4514,"href":"https:\/\/lionsulphur.com\/fr\/wp-json\/wp\/v2\/pages\/4292\/revisions\/4514"}],"wp:attachment":[{"href":"https:\/\/lionsulphur.com\/fr\/wp-json\/wp\/v2\/media?parent=4292"}],"curies":[{"name":"wp","href":"https:\/\/api.w.org\/{rel}","templated":true}]}}