{"id":4296,"date":"2017-10-23T09:18:45","date_gmt":"2017-10-23T06:18:45","guid":{"rendered":"https:\/\/test.lionsulphur.com\/blog\/"},"modified":"2023-02-02T23:26:03","modified_gmt":"2023-02-02T20:26:03","slug":"blog","status":"publish","type":"page","link":"https:\/\/lionsulphur.com\/fr\/blog\/","title":{"rendered":"Blog"},"content":{"rendered":"<section class=\"wpb-content-wrapper\"><p>[vc_row css=\u00a0\u00bb.vc_custom_1508750640220{padding-top: 0px !important;padding-bottom: 0px !important;}\u00a0\u00bb][vc_column]<div class=\"blog-wrapper blog-style-2 blog-light\" data-css=\"&quot;&quot;\"><div class=\"row\"><div class=\"col-lg-6 col-md-6\"><div class=\"blog-inner\"><div class=\"entry-title\"><h3><a href=\"https:\/\/lionsulphur.com\/fr\/mes-inc-mikronmilimetre-donusum-tablosu\/\" class=\"post-title\">Tableau de conversion maillage, pouce, micron, millim\u00e8tre<\/a><\/h3><\/div><!-- .entry-title --><div class=\"post-excerpt\"><p>Le dimensionnement est primordial dans les \u00e9tudes industrielles. Comprendre les unit\u00e9s entre les pays ou<\/p>\n<\/div><!-- .post-excerpt --><div class=\"bottom-meta clearfix\"><ul class=\"bottom-meta-list\"><li><div class=\"post-more\"><a class=\"read-more\" href=\"https:\/\/lionsulphur.com\/fr\/mes-inc-mikronmilimetre-donusum-tablosu\/\">Detaylar<\/a><\/div><\/li><\/ul><\/div><\/div><!-- .blog-inner --><\/div><!-- .cols --><div class=\"col-lg-6 col-md-6\"><div class=\"blog-inner\"><div class=\"post-thumb\"><img width=\"440\" height=\"260\" src=\"https:\/\/lionsulphur.com\/wp-content\/uploads\/2023\/01\/lion_sulphur4-440x260.jpeg\" class=\"img-fluid wp-post-image\" alt=\"\" decoding=\"async\" loading=\"lazy\" srcset=\"https:\/\/lionsulphur.com\/wp-content\/uploads\/2023\/01\/lion_sulphur4-440x260.jpeg 440w, https:\/\/lionsulphur.com\/wp-content\/uploads\/2023\/01\/lion_sulphur4-768x456.jpeg 768w, https:\/\/lionsulphur.com\/wp-content\/uploads\/2023\/01\/lion_sulphur4-1170x694.jpeg 1170w, https:\/\/lionsulphur.com\/wp-content\/uploads\/2023\/01\/lion_sulphur4-390x231.jpeg 390w, https:\/\/lionsulphur.com\/wp-content\/uploads\/2023\/01\/lion_sulphur4-220x130.jpeg 220w\" sizes=\"(max-width: 440px) 100vw, 440px\" \/><\/div><!-- .post-thumb --><div class=\"entry-title\"><h3><a href=\"https:\/\/lionsulphur.com\/fr\/mining-from-the-top-zone\/\" class=\"post-title\">Formulaires de livraison Incoterms<\/a><\/h3><\/div><!-- .entry-title --><div class=\"post-excerpt\"><p>MODES DE LIVRAISON DANS LE COMMERCE INTERNATIONAL Les formulaires de livraison Incoterms sont regroup\u00e9s en<\/p>\n<\/div><!-- .post-excerpt --><div class=\"bottom-meta clearfix\"><ul class=\"bottom-meta-list\"><li><div class=\"post-more\"><a class=\"read-more\" href=\"https:\/\/lionsulphur.com\/fr\/mining-from-the-top-zone\/\">Detaylar<\/a><\/div><\/li><\/ul><\/div><\/div><!-- .blog-inner --><\/div><!-- .cols --><\/div><!-- .row --><div class=\"row\"><div class=\"col-lg-6 col-md-6\"><div class=\"blog-inner\"><div class=\"post-thumb\"><img width=\"440\" height=\"260\" src=\"https:\/\/lionsulphur.com\/wp-content\/uploads\/2023\/01\/lion_sulphur5-440x260.jpeg\" class=\"img-fluid wp-post-image\" alt=\"\" decoding=\"async\" loading=\"lazy\" srcset=\"https:\/\/lionsulphur.com\/wp-content\/uploads\/2023\/01\/lion_sulphur5-440x260.jpeg 440w, https:\/\/lionsulphur.com\/wp-content\/uploads\/2023\/01\/lion_sulphur5-768x456.jpeg 768w, https:\/\/lionsulphur.com\/wp-content\/uploads\/2023\/01\/lion_sulphur5-1170x694.jpeg 1170w, https:\/\/lionsulphur.com\/wp-content\/uploads\/2023\/01\/lion_sulphur5-390x231.jpeg 390w, https:\/\/lionsulphur.com\/wp-content\/uploads\/2023\/01\/lion_sulphur5-220x130.jpeg 220w\" sizes=\"(max-width: 440px) 100vw, 440px\" \/><\/div><!-- .post-thumb --><div class=\"entry-title\"><h3><a href=\"https:\/\/lionsulphur.com\/fr\/choosing-best-products\/\" class=\"post-title\">Qu&rsquo;est-ce que le soufre ?<\/a><\/h3><\/div><!-- .entry-title --><div class=\"post-excerpt\"><p>[vc_row][vc_column][vc_column_text]Qu&rsquo;est-ce que le soufre ? Le soufre, repr\u00e9sent\u00e9 par le symbole \u00ab\u00a0S\u00a0\u00bb dans le tableau<\/p>\n<\/div><!-- .post-excerpt --><div class=\"bottom-meta clearfix\"><ul class=\"bottom-meta-list\"><li><div class=\"post-more\"><a class=\"read-more\" href=\"https:\/\/lionsulphur.com\/fr\/choosing-best-products\/\">Detaylar<\/a><\/div><\/li><\/ul><\/div><\/div><!-- .blog-inner --><\/div><!-- .cols --><div class=\"col-lg-6 col-md-6\"><div class=\"blog-inner\"><div class=\"post-thumb\"><img width=\"440\" height=\"260\" src=\"https:\/\/lionsulphur.com\/wp-content\/uploads\/2017\/10\/2132018-09-51-47-kv60v-440x260.jpg\" class=\"img-fluid wp-post-image\" alt=\"\" decoding=\"async\" loading=\"lazy\" srcset=\"https:\/\/lionsulphur.com\/wp-content\/uploads\/2017\/10\/2132018-09-51-47-kv60v-440x260.jpg 440w, https:\/\/lionsulphur.com\/wp-content\/uploads\/2017\/10\/2132018-09-51-47-kv60v-390x231.jpg 390w, https:\/\/lionsulphur.com\/wp-content\/uploads\/2017\/10\/2132018-09-51-47-kv60v-220x130.jpg 220w\" sizes=\"(max-width: 440px) 100vw, 440px\" \/><\/div><!-- .post-thumb --><div class=\"entry-title\"><h3><a href=\"https:\/\/lionsulphur.com\/fr\/best-business-solution\/\" class=\"post-title\">Carence en soufre dans les plantes<\/a><\/h3><\/div><!-- .entry-title --><div class=\"post-excerpt\"><p>Le soufre se trouve dans les plantes comme mat\u00e9riau de construction d&rsquo;acides amin\u00e9s, de prot\u00e9ines<\/p>\n<\/div><!-- .post-excerpt --><div class=\"bottom-meta clearfix\"><ul class=\"bottom-meta-list\"><li><div class=\"post-more\"><a class=\"read-more\" href=\"https:\/\/lionsulphur.com\/fr\/best-business-solution\/\">Detaylar<\/a><\/div><\/li><\/ul><\/div><\/div><!-- .blog-inner --><\/div><!-- .cols --><\/div><!-- .row --><div class=\"row\"><div class=\"col-lg-6 col-md-6\"><div class=\"blog-inner\"><div class=\"post-thumb\"><img width=\"440\" height=\"260\" src=\"https:\/\/lionsulphur.com\/wp-content\/uploads\/2017\/10\/zyro-image600x600-440x260.jpg\" class=\"img-fluid wp-post-image\" alt=\"\" decoding=\"async\" loading=\"lazy\" srcset=\"https:\/\/lionsulphur.com\/wp-content\/uploads\/2017\/10\/zyro-image600x600-440x260.jpg 440w, https:\/\/lionsulphur.com\/wp-content\/uploads\/2017\/10\/zyro-image600x600-390x231.jpg 390w, https:\/\/lionsulphur.com\/wp-content\/uploads\/2017\/10\/zyro-image600x600-220x130.jpg 220w\" sizes=\"(max-width: 440px) 100vw, 440px\" \/><\/div><!-- .post-thumb --><div class=\"entry-title\"><h3><a href=\"https:\/\/lionsulphur.com\/fr\/certified-engineers\/\" class=\"post-title\">Qu&rsquo;est-ce que le soufre liquide et ses avantages<\/a><\/h3><\/div><!-- .entry-title --><div class=\"post-excerpt\"><p>Qu&rsquo;est-ce que le soufre liquide et ses avantages Le produit soufr\u00e9 \u00e9l\u00e9mentaire avec une teneur<\/p>\n<\/div><!-- .post-excerpt --><div class=\"bottom-meta clearfix\"><ul class=\"bottom-meta-list\"><li><div class=\"post-more\"><a class=\"read-more\" href=\"https:\/\/lionsulphur.com\/fr\/certified-engineers\/\">Detaylar<\/a><\/div><\/li><\/ul><\/div><\/div><!-- .blog-inner --><\/div><!-- .cols --><\/div><!-- .row --><\/div><!-- .blog-wrapper -->[\/vc_column][\/vc_row]<\/p>\n<\/section>","protected":false},"excerpt":{"rendered":"<p>[vc_row css=\u00a0\u00bb.vc_custom_1508750640220{padding-top: 0px !important;padding-bottom: 0px !important;}\u00a0\u00bb][vc_column][\/vc_column][\/vc_row]<\/p>\n","protected":false},"author":1,"featured_media":0,"parent":0,"menu_order":0,"comment_status":"closed","ping_status":"closed","template":"","meta":[],"yoast_head":"<!-- This site is optimized with the Yoast SEO plugin v20.1 - https:\/\/yoast.com\/wordpress\/plugins\/seo\/ -->\n<title>Blog - Lion Global Sulphur<\/title>\n<meta name=\"robots\" content=\"index, follow, max-snippet:-1, max-image-preview:large, max-video-preview:-1\" \/>\n<link rel=\"canonical\" href=\"https:\/\/lionsulphur.com\/fr\/blog\/\" \/>\n<meta property=\"og:locale\" content=\"fr_FR\" \/>\n<meta property=\"og:type\" content=\"article\" \/>\n<meta property=\"og:title\" content=\"Blog - Lion Global Sulphur\" \/>\n<meta property=\"og:description\" content=\"[vc_row css=\u00a0\u00bb.vc_custom_1508750640220{padding-top: 0px !important;padding-bottom: 0px !important;}\u00a0\u00bb][vc_column][\/vc_column][\/vc_row]\" \/>\n<meta property=\"og:url\" content=\"https:\/\/lionsulphur.com\/fr\/blog\/\" \/>\n<meta property=\"og:site_name\" content=\"Lion Global Sulphur\" \/>\n<meta property=\"article:modified_time\" content=\"2023-02-02T20:26:03+00:00\" \/>\n<meta name=\"twitter:card\" content=\"summary_large_image\" \/>\n<script type=\"application\/ld+json\" class=\"yoast-schema-graph\">{\"@context\":\"https:\/\/schema.org\",\"@graph\":[{\"@type\":\"WebPage\",\"@id\":\"https:\/\/lionsulphur.com\/fr\/blog\/\",\"url\":\"https:\/\/lionsulphur.com\/fr\/blog\/\",\"name\":\"Blog - Lion Global Sulphur\",\"isPartOf\":{\"@id\":\"https:\/\/lionsulphur.com\/#website\"},\"datePublished\":\"2017-10-23T06:18:45+00:00\",\"dateModified\":\"2023-02-02T20:26:03+00:00\",\"breadcrumb\":{\"@id\":\"https:\/\/lionsulphur.com\/fr\/blog\/#breadcrumb\"},\"inLanguage\":\"fr-FR\",\"potentialAction\":[{\"@type\":\"ReadAction\",\"target\":[\"https:\/\/lionsulphur.com\/fr\/blog\/\"]}]},{\"@type\":\"BreadcrumbList\",\"@id\":\"https:\/\/lionsulphur.com\/fr\/blog\/#breadcrumb\",\"itemListElement\":[{\"@type\":\"ListItem\",\"position\":1,\"name\":\"Anasayfa\",\"item\":\"https:\/\/lionsulphur.com\/fr\/\"},{\"@type\":\"ListItem\",\"position\":2,\"name\":\"Blog\"}]},{\"@type\":\"WebSite\",\"@id\":\"https:\/\/lionsulphur.com\/#website\",\"url\":\"https:\/\/lionsulphur.com\/\",\"name\":\"Lion Global Sulphur\",\"description\":\"Lion Sulphur\",\"publisher\":{\"@id\":\"https:\/\/lionsulphur.com\/#organization\"},\"potentialAction\":[{\"@type\":\"SearchAction\",\"target\":{\"@type\":\"EntryPoint\",\"urlTemplate\":\"https:\/\/lionsulphur.com\/?s={search_term_string}\"},\"query-input\":\"required name=search_term_string\"}],\"inLanguage\":\"fr-FR\"},{\"@type\":\"Organization\",\"@id\":\"https:\/\/lionsulphur.com\/#organization\",\"name\":\"Lion Global Sulphur\",\"url\":\"https:\/\/lionsulphur.com\/\",\"logo\":{\"@type\":\"ImageObject\",\"inLanguage\":\"fr-FR\",\"@id\":\"https:\/\/lionsulphur.com\/#\/schema\/logo\/image\/\",\"url\":\"https:\/\/lionsulphur.com\/wp-content\/uploads\/2023\/02\/lio_sul.png\",\"contentUrl\":\"https:\/\/lionsulphur.com\/wp-content\/uploads\/2023\/02\/lio_sul.png\",\"width\":731,\"height\":320,\"caption\":\"Lion Global Sulphur\"},\"image\":{\"@id\":\"https:\/\/lionsulphur.com\/#\/schema\/logo\/image\/\"},\"sameAs\":[\"https:\/\/www.instagram.com\/lionkukurt\/\"]}]}<\/script>\n<!-- \/ Yoast SEO plugin. -->","yoast_head_json":{"title":"Blog - Lion Global Sulphur","robots":{"index":"index","follow":"follow","max-snippet":"max-snippet:-1","max-image-preview":"max-image-preview:large","max-video-preview":"max-video-preview:-1"},"canonical":"https:\/\/lionsulphur.com\/fr\/blog\/","og_locale":"fr_FR","og_type":"article","og_title":"Blog - Lion Global Sulphur","og_description":"[vc_row css=\u00a0\u00bb.vc_custom_1508750640220{padding-top: 0px !important;padding-bottom: 0px !important;}\u00a0\u00bb][vc_column][\/vc_column][\/vc_row]","og_url":"https:\/\/lionsulphur.com\/fr\/blog\/","og_site_name":"Lion Global Sulphur","article_modified_time":"2023-02-02T20:26:03+00:00","twitter_card":"summary_large_image","schema":{"@context":"https:\/\/schema.org","@graph":[{"@type":"WebPage","@id":"https:\/\/lionsulphur.com\/fr\/blog\/","url":"https:\/\/lionsulphur.com\/fr\/blog\/","name":"Blog - Lion Global Sulphur","isPartOf":{"@id":"https:\/\/lionsulphur.com\/#website"},"datePublished":"2017-10-23T06:18:45+00:00","dateModified":"2023-02-02T20:26:03+00:00","breadcrumb":{"@id":"https:\/\/lionsulphur.com\/fr\/blog\/#breadcrumb"},"inLanguage":"fr-FR","potentialAction":[{"@type":"ReadAction","target":["https:\/\/lionsulphur.com\/fr\/blog\/"]}]},{"@type":"BreadcrumbList","@id":"https:\/\/lionsulphur.com\/fr\/blog\/#breadcrumb","itemListElement":[{"@type":"ListItem","position":1,"name":"Anasayfa","item":"https:\/\/lionsulphur.com\/fr\/"},{"@type":"ListItem","position":2,"name":"Blog"}]},{"@type":"WebSite","@id":"https:\/\/lionsulphur.com\/#website","url":"https:\/\/lionsulphur.com\/","name":"Lion Global Sulphur","description":"Lion Sulphur","publisher":{"@id":"https:\/\/lionsulphur.com\/#organization"},"potentialAction":[{"@type":"SearchAction","target":{"@type":"EntryPoint","urlTemplate":"https:\/\/lionsulphur.com\/?s={search_term_string}"},"query-input":"required name=search_term_string"}],"inLanguage":"fr-FR"},{"@type":"Organization","@id":"https:\/\/lionsulphur.com\/#organization","name":"Lion Global Sulphur","url":"https:\/\/lionsulphur.com\/","logo":{"@type":"ImageObject","inLanguage":"fr-FR","@id":"https:\/\/lionsulphur.com\/#\/schema\/logo\/image\/","url":"https:\/\/lionsulphur.com\/wp-content\/uploads\/2023\/02\/lio_sul.png","contentUrl":"https:\/\/lionsulphur.com\/wp-content\/uploads\/2023\/02\/lio_sul.png","width":731,"height":320,"caption":"Lion Global Sulphur"},"image":{"@id":"https:\/\/lionsulphur.com\/#\/schema\/logo\/image\/"},"sameAs":["https:\/\/www.instagram.com\/lionkukurt\/"]}]}},"_links":{"self":[{"href":"https:\/\/lionsulphur.com\/fr\/wp-json\/wp\/v2\/pages\/4296"}],"collection":[{"href":"https:\/\/lionsulphur.com\/fr\/wp-json\/wp\/v2\/pages"}],"about":[{"href":"https:\/\/lionsulphur.com\/fr\/wp-json\/wp\/v2\/types\/page"}],"author":[{"embeddable":true,"href":"https:\/\/lionsulphur.com\/fr\/wp-json\/wp\/v2\/users\/1"}],"replies":[{"embeddable":true,"href":"https:\/\/lionsulphur.com\/fr\/wp-json\/wp\/v2\/comments?post=4296"}],"version-history":[{"count":3,"href":"https:\/\/lionsulphur.com\/fr\/wp-json\/wp\/v2\/pages\/4296\/revisions"}],"predecessor-version":[{"id":4906,"href":"https:\/\/lionsulphur.com\/fr\/wp-json\/wp\/v2\/pages\/4296\/revisions\/4906"}],"wp:attachment":[{"href":"https:\/\/lionsulphur.com\/fr\/wp-json\/wp\/v2\/media?parent=4296"}],"curies":[{"name":"wp","href":"https:\/\/api.w.org\/{rel}","templated":true}]}}