{"id":4287,"date":"2017-10-09T13:13:37","date_gmt":"2017-10-09T10:13:37","guid":{"rendered":"https:\/\/test.lionsulphur.com\/hakkimizda\/"},"modified":"2023-02-11T18:13:35","modified_gmt":"2023-02-11T15:13:35","slug":"hakkimizda","status":"publish","type":"page","link":"https:\/\/lionsulphur.com\/it\/hakkimizda\/","title":{"rendered":"chi siamo"},"content":{"rendered":"<section class=\"wpb-content-wrapper\"><p>[vc_row][vc_column offset=&#8221;vc_col-lg-8 vc_col-md-8&#8243;]<div class=\"section-title-wrapper shortcode-rand-1 induzy-inline-css\" data-css=\"&quot;.shortcode-rand-1 .title-separator.separator-border { background-color: ; }.shortcode-rand-1 .section-title { text-transform: none; }&quot;\"><div class=\"title-wrap\"><h2 class=\"section-title\">Lion Global Zolfo<\/h2><span class=\"title-separator separator-border theme-color-bg\"><\/span><\/div><!-- .title-wrap --><div class=\"section-description\"><span class=\"HwtZe\" lang=\"tr\"><span class=\"jCAhz ChMk0b\"><span class=\"ryNqvb\">Siamo un&#8217;azienda orientata alla fiducia che si occupa della lavorazione dello zolfo raffinato (granulare) (riduzione delle dimensioni delle particelle &#8211; micronizzazione) e della raffinazione dei prodotti chimici.<\/span><\/span> <span class=\"jCAhz ChMk0b\"><span class=\"ryNqvb\">Dirigiamo le nostre attivit\u00e0 sia nei mercati nazionali che internazionali con il nostro parco macchine in grado di produrre e confezionare secondo gli standard mondiali in tutte le lavorazioni dello zolfo, con la nostra qualit\u00e0 del prodotto e il principio di consegna puntuale.<\/span><\/span> <span class=\"jCAhz ChMk0b\"><span class=\"ryNqvb\">Condividere le nostre analisi di laboratorio accreditate a livello internazionale con i nostri acquirenti sul nostro sito Web e con i nostri prodotti e non compromettere in alcun modo la qualit\u00e0 dei nostri prodotti \u00e8 il pi\u00f9 grande indicatore della nostra affidabilit\u00e0 nelle condizioni di mercato.<\/span><\/span><\/span><br \/>\n<span class=\"color18\">A seconda degli accordi presi; Siamo in grado di servire i nostri clienti con tutti i metodi di spedizione e consegna.<\/span><br \/>\n<span class=\"color18\">Moduli di imballaggio a seconda della richiesta del cliente; \u00c8 standardizzato in confezioni da 10 \u2013 25 \u2013 50 \u2013 500 \u2013 1000 kg.<\/span><br \/>\n<span class=\"color18\"> Il monitoraggio dell&#8217;intero mercato mondiale dello zolfo e delle condizioni di spedizione, nonch\u00e9 i nostri sistemi di monitoraggio globale comparativo come ARGUS, sono i nostri strumenti pi\u00f9 importanti per ottimizzare i nostri prezzi.<\/span> <span style=\"color: #ffffff;\">Zolfo elementare micronizzato in polvere<\/span><br \/>\n<span class=\"color18\"> Spero di conoscerti e creare nuovi contatti di lavoro.<\/span><\/p>\n<p>&nbsp;<\/div><!-- .section-description --><\/div><!-- .section-title-wrapper --><div class=\"feature-box-wrapper feature-box-style-1 vc_custom_1676128409846 shortcode-rand-2 induzy-inline-css\" data-css=\"&quot;.shortcode-rand-2.feature-box-wrapper {background: -moz-linear-gradient(141deg,  0%,  51%,  75%);\\r\\n\\t\\t\\t\\tbackground: -webkit-linear-gradient(141deg,  0%,  51%,  75%);\\r\\n\\t\\t\\t\\tbackground: linear-gradient(141deg,  0%,  51%,  75%);}.shortcode-rand-2 .feature-box-icon { font-size: 24px; }.shortcode-rand-2 .feature-box-icon { height: 48px; width: 48px; }.shortcode-rand-2 .feature-box-icon &gt; span { line-height: 2; }.shortcode-rand-2:hover .feature-box-icon { background: none; }&quot;\" ><div class=\"feature-box-btn\"><a class=\"btn default\" href=\"https:\/\/lionsulphur.com\/it\/iletisim\/\" title=\"Comunicazione\">Comunicazione<\/a><\/div><!-- .feature-box-btn --><\/div><!-- .feature-box-wrapper -->[\/vc_column][vc_column offset=&#8221;vc_col-lg-4 vc_col-md-4&#8243;][vc_single_image image=&#8221;4141&#8243; img_size=&#8221;full&#8221;][\/vc_column][\/vc_row][vc_row][vc_column][\/vc_column][\/vc_row]<\/p>\n<\/section>","protected":false},"excerpt":{"rendered":"<p>[vc_row][vc_column offset=&#8221;vc_col-lg-8 vc_col-md-8&#8243;][\/vc_column][vc_column offset=&#8221;vc_col-lg-4 vc_col-md-4&#8243;][vc_single_image image=&#8221;4141&#8243; img_size=&#8221;full&#8221;][\/vc_column][\/vc_row][vc_row][vc_column][\/vc_column][\/vc_row]<\/p>\n","protected":false},"author":1,"featured_media":0,"parent":0,"menu_order":0,"comment_status":"closed","ping_status":"closed","template":"","meta":[],"yoast_head":"<!-- This site is optimized with the Yoast SEO plugin v20.1 - https:\/\/yoast.com\/wordpress\/plugins\/seo\/ -->\n<title>chi siamo - Lion Global Sulphur<\/title>\n<meta name=\"robots\" content=\"index, follow, max-snippet:-1, max-image-preview:large, max-video-preview:-1\" \/>\n<link rel=\"canonical\" href=\"https:\/\/lionsulphur.com\/it\/hakkimizda\/\" \/>\n<meta property=\"og:locale\" content=\"it_IT\" \/>\n<meta property=\"og:type\" content=\"article\" \/>\n<meta property=\"og:title\" content=\"chi siamo - Lion Global Sulphur\" \/>\n<meta property=\"og:description\" content=\"[vc_row][vc_column offset=&#8221;vc_col-lg-8 vc_col-md-8&#8243;][\/vc_column][vc_column offset=&#8221;vc_col-lg-4 vc_col-md-4&#8243;][vc_single_image image=&#8221;4141&#8243; img_size=&#8221;full&#8221;][\/vc_column][\/vc_row][vc_row][vc_column][\/vc_column][\/vc_row]\" \/>\n<meta property=\"og:url\" content=\"https:\/\/lionsulphur.com\/it\/hakkimizda\/\" \/>\n<meta property=\"og:site_name\" content=\"Lion Global Sulphur\" \/>\n<meta property=\"article:modified_time\" content=\"2023-02-11T15:13:35+00:00\" \/>\n<meta name=\"twitter:card\" content=\"summary_large_image\" \/>\n<meta name=\"twitter:label1\" content=\"Tempo di lettura stimato\" \/>\n\t<meta name=\"twitter:data1\" content=\"1 minuto\" \/>\n<script type=\"application\/ld+json\" class=\"yoast-schema-graph\">{\"@context\":\"https:\/\/schema.org\",\"@graph\":[{\"@type\":\"WebPage\",\"@id\":\"https:\/\/lionsulphur.com\/it\/hakkimizda\/\",\"url\":\"https:\/\/lionsulphur.com\/it\/hakkimizda\/\",\"name\":\"chi siamo - Lion Global Sulphur\",\"isPartOf\":{\"@id\":\"https:\/\/lionsulphur.com\/#website\"},\"datePublished\":\"2017-10-09T10:13:37+00:00\",\"dateModified\":\"2023-02-11T15:13:35+00:00\",\"breadcrumb\":{\"@id\":\"https:\/\/lionsulphur.com\/it\/hakkimizda\/#breadcrumb\"},\"inLanguage\":\"it-IT\",\"potentialAction\":[{\"@type\":\"ReadAction\",\"target\":[\"https:\/\/lionsulphur.com\/it\/hakkimizda\/\"]}]},{\"@type\":\"BreadcrumbList\",\"@id\":\"https:\/\/lionsulphur.com\/it\/hakkimizda\/#breadcrumb\",\"itemListElement\":[{\"@type\":\"ListItem\",\"position\":1,\"name\":\"Anasayfa\",\"item\":\"https:\/\/lionsulphur.com\/it\/\"},{\"@type\":\"ListItem\",\"position\":2,\"name\":\"chi siamo\"}]},{\"@type\":\"WebSite\",\"@id\":\"https:\/\/lionsulphur.com\/#website\",\"url\":\"https:\/\/lionsulphur.com\/\",\"name\":\"Lion Global Sulphur\",\"description\":\"Lion Sulphur\",\"publisher\":{\"@id\":\"https:\/\/lionsulphur.com\/#organization\"},\"potentialAction\":[{\"@type\":\"SearchAction\",\"target\":{\"@type\":\"EntryPoint\",\"urlTemplate\":\"https:\/\/lionsulphur.com\/?s={search_term_string}\"},\"query-input\":\"required name=search_term_string\"}],\"inLanguage\":\"it-IT\"},{\"@type\":\"Organization\",\"@id\":\"https:\/\/lionsulphur.com\/#organization\",\"name\":\"Lion Global Sulphur\",\"url\":\"https:\/\/lionsulphur.com\/\",\"logo\":{\"@type\":\"ImageObject\",\"inLanguage\":\"it-IT\",\"@id\":\"https:\/\/lionsulphur.com\/#\/schema\/logo\/image\/\",\"url\":\"https:\/\/lionsulphur.com\/wp-content\/uploads\/2023\/02\/lio_sul.png\",\"contentUrl\":\"https:\/\/lionsulphur.com\/wp-content\/uploads\/2023\/02\/lio_sul.png\",\"width\":731,\"height\":320,\"caption\":\"Lion Global Sulphur\"},\"image\":{\"@id\":\"https:\/\/lionsulphur.com\/#\/schema\/logo\/image\/\"},\"sameAs\":[\"https:\/\/www.instagram.com\/lionkukurt\/\"]}]}<\/script>\n<!-- \/ Yoast SEO plugin. -->","yoast_head_json":{"title":"chi siamo - Lion Global Sulphur","robots":{"index":"index","follow":"follow","max-snippet":"max-snippet:-1","max-image-preview":"max-image-preview:large","max-video-preview":"max-video-preview:-1"},"canonical":"https:\/\/lionsulphur.com\/it\/hakkimizda\/","og_locale":"it_IT","og_type":"article","og_title":"chi siamo - Lion Global Sulphur","og_description":"[vc_row][vc_column offset=&#8221;vc_col-lg-8 vc_col-md-8&#8243;][\/vc_column][vc_column offset=&#8221;vc_col-lg-4 vc_col-md-4&#8243;][vc_single_image image=&#8221;4141&#8243; img_size=&#8221;full&#8221;][\/vc_column][\/vc_row][vc_row][vc_column][\/vc_column][\/vc_row]","og_url":"https:\/\/lionsulphur.com\/it\/hakkimizda\/","og_site_name":"Lion Global Sulphur","article_modified_time":"2023-02-11T15:13:35+00:00","twitter_card":"summary_large_image","twitter_misc":{"Tempo di lettura stimato":"1 minuto"},"schema":{"@context":"https:\/\/schema.org","@graph":[{"@type":"WebPage","@id":"https:\/\/lionsulphur.com\/it\/hakkimizda\/","url":"https:\/\/lionsulphur.com\/it\/hakkimizda\/","name":"chi siamo - Lion Global Sulphur","isPartOf":{"@id":"https:\/\/lionsulphur.com\/#website"},"datePublished":"2017-10-09T10:13:37+00:00","dateModified":"2023-02-11T15:13:35+00:00","breadcrumb":{"@id":"https:\/\/lionsulphur.com\/it\/hakkimizda\/#breadcrumb"},"inLanguage":"it-IT","potentialAction":[{"@type":"ReadAction","target":["https:\/\/lionsulphur.com\/it\/hakkimizda\/"]}]},{"@type":"BreadcrumbList","@id":"https:\/\/lionsulphur.com\/it\/hakkimizda\/#breadcrumb","itemListElement":[{"@type":"ListItem","position":1,"name":"Anasayfa","item":"https:\/\/lionsulphur.com\/it\/"},{"@type":"ListItem","position":2,"name":"chi siamo"}]},{"@type":"WebSite","@id":"https:\/\/lionsulphur.com\/#website","url":"https:\/\/lionsulphur.com\/","name":"Lion Global Sulphur","description":"Lion Sulphur","publisher":{"@id":"https:\/\/lionsulphur.com\/#organization"},"potentialAction":[{"@type":"SearchAction","target":{"@type":"EntryPoint","urlTemplate":"https:\/\/lionsulphur.com\/?s={search_term_string}"},"query-input":"required name=search_term_string"}],"inLanguage":"it-IT"},{"@type":"Organization","@id":"https:\/\/lionsulphur.com\/#organization","name":"Lion Global Sulphur","url":"https:\/\/lionsulphur.com\/","logo":{"@type":"ImageObject","inLanguage":"it-IT","@id":"https:\/\/lionsulphur.com\/#\/schema\/logo\/image\/","url":"https:\/\/lionsulphur.com\/wp-content\/uploads\/2023\/02\/lio_sul.png","contentUrl":"https:\/\/lionsulphur.com\/wp-content\/uploads\/2023\/02\/lio_sul.png","width":731,"height":320,"caption":"Lion Global Sulphur"},"image":{"@id":"https:\/\/lionsulphur.com\/#\/schema\/logo\/image\/"},"sameAs":["https:\/\/www.instagram.com\/lionkukurt\/"]}]}},"_links":{"self":[{"href":"https:\/\/lionsulphur.com\/it\/wp-json\/wp\/v2\/pages\/4287"}],"collection":[{"href":"https:\/\/lionsulphur.com\/it\/wp-json\/wp\/v2\/pages"}],"about":[{"href":"https:\/\/lionsulphur.com\/it\/wp-json\/wp\/v2\/types\/page"}],"author":[{"embeddable":true,"href":"https:\/\/lionsulphur.com\/it\/wp-json\/wp\/v2\/users\/1"}],"replies":[{"embeddable":true,"href":"https:\/\/lionsulphur.com\/it\/wp-json\/wp\/v2\/comments?post=4287"}],"version-history":[{"count":9,"href":"https:\/\/lionsulphur.com\/it\/wp-json\/wp\/v2\/pages\/4287\/revisions"}],"predecessor-version":[{"id":5244,"href":"https:\/\/lionsulphur.com\/it\/wp-json\/wp\/v2\/pages\/4287\/revisions\/5244"}],"wp:attachment":[{"href":"https:\/\/lionsulphur.com\/it\/wp-json\/wp\/v2\/media?parent=4287"}],"curies":[{"name":"wp","href":"https:\/\/api.w.org\/{rel}","templated":true}]}}